{"id":99,"date":"2021-10-17T10:32:30","date_gmt":"2021-10-17T08:32:30","guid":{"rendered":"https:\/\/didierleprof.com\/?page_id=99"},"modified":"2021-12-26T10:38:39","modified_gmt":"2021-12-26T09:38:39","slug":"les-cafes-philo","status":"publish","type":"page","link":"https:\/\/didierleprof.com\/?page_id=99","title":{"rendered":"Les caf\u00e9s \u03c6"},"content":{"rendered":"\n<p>Les caf\u00e9s philo sont le lieu parfait pour le dialogue. <\/p>\n\n\n\n<p>En partant d&#8217;une question, Didierleprof vous propose d&#8217;analyser le probl\u00e8me philosophique qu&#8217;elle pose. Il apporte ensuite les concepts et les auteurs utiles pour comprendre le probl\u00e8me et ouvrir des pistes de r\u00e9flexion.<\/p>\n\n\n\n<p>Apr\u00e8s cette premi\u00e8re partie de la soir\u00e9e, un dialogue s&#8217;engage dans la salle. Chacun-e peut alors proposer son analyse, \u00e9prouver ses id\u00e9es, questionner, \u00e9couter. Le but n&#8217;est \u00e9videmment pas de trouver une r\u00e9ponse \u00e0 la question mais d&#8217;envisager les diff\u00e9rentes solutions possibles et d&#8217;en d\u00e9finir les limites. Chacun-e pourra alors se faire sa propre pens\u00e9e, \u00e9clair\u00e9e par celle des autres.<\/p>\n\n\n\n<p>Le tout se passe autour d&#8217;un verre et la plupart du temps se prolonge avec un repas commun convivial.<\/p>\n\n\n\n<p>Vous voulez participer aux caf\u00e9s philo ? Inscrivez-vous \u00e0 notre newsletter pour recevoir les informations qui vous indiqueront o\u00f9 ils ont lieu et quand.<\/p>\n\n\n\n<p>Vous avez un caf\u00e9, un restaurant, vous \u00eates une association, un collectif, et vous souhaitez organiser une soir\u00e9e d&#8217;\u00e9change cordial et ouvrir un espace de dialogue ou chacun-e trouvera sa place ?<\/p>\n\n\n\n<p>Alors contactez-nous et nous organiserons les caf\u00e9s philo ensemble !<\/p>\n\n\n\n<h2 class=\"has-white-color has-black-background-color has-text-color has-background wp-block-heading\">Pour nous contacter<\/h2>\n\n\n\n<div class=\"wp-block-group\"><div class=\"wp-block-group__inner-container is-layout-flow wp-block-group-is-layout-flow\">\n<div class=\"wp-block-columns is-layout-flex wp-container-core-columns-is-layout-9d6595d7 wp-block-columns-is-layout-flex\">\n<div class=\"wp-block-column is-layout-flow wp-block-column-is-layout-flow\" style=\"flex-basis:100%\"><div class=\"wpforms-container wpforms-container-full wpforms-block\" id=\"wpforms-645\"><form id=\"wpforms-form-645\" class=\"wpforms-validate wpforms-form wpforms-ajax-form\" data-formid=\"645\" method=\"post\" enctype=\"multipart\/form-data\" action=\"\/index.php?rest_route=%2Fwp%2Fv2%2Fpages%2F99\" data-token=\"e3c4312a543da31134062f1e68b90052\" data-token-time=\"1777382330\"><noscript class=\"wpforms-error-noscript\">Please enable JavaScript in your browser to complete this form.<\/noscript><div class=\"wpforms-field-container\"><div id=\"wpforms-645-field_0-container\" class=\"wpforms-field wpforms-field-name\" data-field-id=\"0\"><label class=\"wpforms-field-label\">Identit\u00e9<\/label><div class=\"wpforms-field-row wpforms-field-medium\"><div class=\"wpforms-field-row-block wpforms-first wpforms-one-half\"><input type=\"text\" id=\"wpforms-645-field_0\" class=\"wpforms-field-name-first\" name=\"wpforms[fields][0][first]\" ><label for=\"wpforms-645-field_0\" class=\"wpforms-field-sublabel after\">First<\/label><\/div><div class=\"wpforms-field-row-block wpforms-one-half\"><input type=\"text\" id=\"wpforms-645-field_0-last\" class=\"wpforms-field-name-last\" name=\"wpforms[fields][0][last]\" ><label for=\"wpforms-645-field_0-last\" class=\"wpforms-field-sublabel after\">Last<\/label><\/div><\/div><\/div><div id=\"wpforms-645-field_1-container\" class=\"wpforms-field wpforms-field-email\" data-field-id=\"1\"><label class=\"wpforms-field-label\" for=\"wpforms-645-field_1\">Email <span class=\"wpforms-required-label\">*<\/span><\/label><input type=\"email\" id=\"wpforms-645-field_1\" class=\"wpforms-field-medium wpforms-field-required\" name=\"wpforms[fields][1]\" spellcheck=\"false\" required><\/div><div id=\"wpforms-645-field_2-container\" class=\"wpforms-field wpforms-field-textarea\" data-field-id=\"2\"><label class=\"wpforms-field-label\" for=\"wpforms-645-field_2\">Vos questions et remarques <span class=\"wpforms-required-label\">*<\/span><\/label><textarea id=\"wpforms-645-field_2\" class=\"wpforms-field-medium wpforms-field-required\" name=\"wpforms[fields][2]\" required><\/textarea><\/div><\/div><!-- .wpforms-field-container --><div class=\"wpforms-submit-container\" ><input type=\"hidden\" name=\"wpforms[id]\" value=\"645\"><input type=\"hidden\" name=\"page_title\" value=\"\"><input type=\"hidden\" name=\"page_url\" value=\"https:\/\/didierleprof.com\/index.php?rest_route=\/wp\/v2\/pages\/99\"><input type=\"hidden\" name=\"url_referer\" value=\"\"><button type=\"submit\" name=\"wpforms[submit]\" id=\"wpforms-submit-645\" class=\"wpforms-submit\" data-alt-text=\"En cours d&#039;envoi...\" data-submit-text=\"Envoi\" aria-live=\"assertive\" value=\"wpforms-submit\">Envoi<\/button><img loading=\"lazy\" decoding=\"async\" src=\"https:\/\/didierleprof.com\/wp-content\/plugins\/wpforms-lite\/assets\/images\/submit-spin.svg\" class=\"wpforms-submit-spinner\" style=\"display: none;\" width=\"26\" height=\"26\" alt=\"Loading\"><\/div><\/form><\/div>  <!-- .wpforms-container --><\/div>\n<\/div>\n<\/div><\/div>\n\n\n\n<h2 class=\"has-white-color has-black-background-color has-text-color has-background wp-block-heading\">Pour rester inform\u00e9 abonnez-vous \u00e0 notre newsletter<\/h2>\n\n\n<script>(function() {\n\twindow.mc4wp = window.mc4wp || {\n\t\tlisteners: [],\n\t\tforms: {\n\t\t\ton: function(evt, cb) {\n\t\t\t\twindow.mc4wp.listeners.push(\n\t\t\t\t\t{\n\t\t\t\t\t\tevent   : evt,\n\t\t\t\t\t\tcallback: cb\n\t\t\t\t\t}\n\t\t\t\t);\n\t\t\t}\n\t\t}\n\t}\n})();\n<\/script><!-- Mailchimp for WordPress v4.12.2 - https:\/\/wordpress.org\/plugins\/mailchimp-for-wp\/ --><form id=\"mc4wp-form-1\" class=\"mc4wp-form mc4wp-form-217\" method=\"post\" data-id=\"217\" data-name=\"Pour \u00eatre inform\u00e9 abonnez-vous \u00e0 notre newsletter\" ><div class=\"mc4wp-form-fields\"><p>\r\n    <label>Nom<\/label>\r\n    <input type=\"text\" name=\"FNAME\">\r\n<\/p>\r\n<p>\r\n    <label>Pr\u00e9nom<\/label>\r\n    <input type=\"text\" name=\"LNAME\">\r\n<\/p>\r\n<p>\r\n    <label>Email<\/label>\r\n    <input type=\"email\" name=\"EMAIL\" required=\"\">\r\n<p>\r\n    <input type=\"submit\" value=\"Abonnez-vous\"><\/div><label style=\"display: none !important;\">Leave this field empty if you&#8217;re human: <input type=\"text\" name=\"_mc4wp_honeypot\" value=\"\" tabindex=\"-1\" autocomplete=\"off\" \/><\/label><input type=\"hidden\" name=\"_mc4wp_timestamp\" value=\"1777382330\" \/><input type=\"hidden\" name=\"_mc4wp_form_id\" value=\"217\" \/><input type=\"hidden\" name=\"_mc4wp_form_element_id\" value=\"mc4wp-form-1\" \/><div class=\"mc4wp-response\"><\/div><\/form><!-- \/ Mailchimp for WordPress Plugin -->","protected":false},"excerpt":{"rendered":"<p>Les caf\u00e9s philo sont le lieu parfait pour le dialogue. En partant d&#8217;une question, Didierleprof vous propose d&#8217;analyser le probl\u00e8me philosophique qu&#8217;elle pose. Il apporte ensuite les concepts et les [&hellip;]<\/p>\n","protected":false},"author":1,"featured_media":0,"parent":0,"menu_order":0,"comment_status":"closed","ping_status":"closed","template":"","meta":{"om_disable_all_campaigns":false,"_monsterinsights_skip_tracking":false,"_monsterinsights_sitenote_active":false,"_monsterinsights_sitenote_note":"","_monsterinsights_sitenote_category":0,"footnotes":""},"class_list":["post-99","page","type-page","status-publish","hentry"],"aioseo_notices":[],"jetpack_sharing_enabled":true,"jetpack_likes_enabled":true,"jetpack_shortlink":"https:\/\/wp.me\/PdsdKK-1B","_links":{"self":[{"href":"https:\/\/didierleprof.com\/index.php?rest_route=\/wp\/v2\/pages\/99","targetHints":{"allow":["GET"]}}],"collection":[{"href":"https:\/\/didierleprof.com\/index.php?rest_route=\/wp\/v2\/pages"}],"about":[{"href":"https:\/\/didierleprof.com\/index.php?rest_route=\/wp\/v2\/types\/page"}],"author":[{"embeddable":true,"href":"https:\/\/didierleprof.com\/index.php?rest_route=\/wp\/v2\/users\/1"}],"replies":[{"embeddable":true,"href":"https:\/\/didierleprof.com\/index.php?rest_route=%2Fwp%2Fv2%2Fcomments&post=99"}],"version-history":[{"count":11,"href":"https:\/\/didierleprof.com\/index.php?rest_route=\/wp\/v2\/pages\/99\/revisions"}],"predecessor-version":[{"id":736,"href":"https:\/\/didierleprof.com\/index.php?rest_route=\/wp\/v2\/pages\/99\/revisions\/736"}],"wp:attachment":[{"href":"https:\/\/didierleprof.com\/index.php?rest_route=%2Fwp%2Fv2%2Fmedia&parent=99"}],"curies":[{"name":"wp","href":"https:\/\/api.w.org\/{rel}","templated":true}]}}