{"id":565,"date":"2021-12-22T09:29:14","date_gmt":"2021-12-22T08:29:14","guid":{"rendered":"https:\/\/didierleprof.com\/?page_id=565"},"modified":"2021-12-26T10:36:58","modified_gmt":"2021-12-26T09:36:58","slug":"cycles-de-16-heures","status":"publish","type":"page","link":"https:\/\/didierleprof.com\/?page_id=565","title":{"rendered":"Cycles de 16 heures"},"content":{"rendered":"\n<div class=\"wp-block-buttons is-layout-flex wp-block-buttons-is-layout-flex\">\n<div class=\"wp-block-button\"><a class=\"wp-block-button__link has-vivid-red-background-color has-background\" href=\"https:\/\/didierleprof.com\/?page_id=228\" target=\"_blank\" rel=\"noreferrer noopener\">Aller au formulaire d&#8217;inscription<\/a><\/div>\n<\/div>\n\n\n\n<h2 class=\"has-white-color has-black-background-color has-text-color has-background wp-block-heading\">Pourquoi travaillons nous ?<\/h2>\n\n\n\n<p>Notre rapport au travail est ambigu. Nous voudrions pouvoir profiter de la vie, errer, prendre notre temps, nous reposer, mais en m\u00eame temps nous faisons du travail une valeur morale sup\u00e9rieure et consid\u00e9rons comme fain\u00e9ant celui qui reste oisif. Faut-il vraiment gagner sa vie par le travail ? La vie aurait-elle une valeur inf\u00e9rieure au travail au point qu&#8217;il faudrait la sacrifier pour obtenir le salut ? Les Grecs condamnaient le travail mais en m\u00eame temps que vaudrait une humanit\u00e9 qui ne travaille pas ? Le travail n&#8217;est-il pas une n\u00e9cessit\u00e9 pour l&#8217;\u00eatre humain ?  <\/p>\n\n\n\n<hr class=\"wp-block-separator has-text-color has-background has-vivid-red-background-color has-vivid-red-color is-style-wide\"\/>\n\n\n\n<h2 class=\"has-white-color has-black-background-color has-text-color has-background wp-block-heading\">L&#8217;\u00eatre humain est-il naturellement contre nature ?<\/h2>\n\n\n\n<p>L&#8217;\u00eatre humain a-t-il une particularit\u00e9 par rapport aux autres \u00eatres vivants ? En apparence, il semblerait que c&#8217;est une \u00e9vidence. Mais il reste, malgr\u00e9 tout, un \u00eatre vivant qui r\u00e9pond aux m\u00eames exigences naturelles que les autres. A y regarder de plus pr\u00e8s, ne peut-on pas dire que la particularit\u00e9 de l&#8217;humain est d&#8217;\u00eatre contre nature ? Ne sommes-nous pas les seuls \u00e0 avoir plus de d\u00e9sirs que de besoins ? A d\u00e9truire la nature au point de mettre notre propre survie en danger ? A lutter contre nos instincts ? A transmettre des conditions culturelles qui nous permettent de croire que nous pourrions &#8220;devenir comme ma\u00eetres et possesseurs de la nature (Descartes) ? Ne sommes-nous pas, comme le disait Kant, cet \u00eatre tiraill\u00e9 par une insociable sociabilit\u00e9 ? <\/p>\n\n\n\n<hr class=\"wp-block-separator has-text-color has-background has-vivid-red-background-color has-vivid-red-color is-style-wide\"\/>\n\n\n\n<h2 class=\"has-white-color has-black-background-color has-text-color has-background wp-block-heading\">Qu&#8217;est-ce qu&#8217;argumenter ? (m\u00e9thodologie)<\/h2>\n\n\n\n<p>Il est toujours facile d&#8217;avoir des id\u00e9es. Il semble courageux de dire ce que l&#8217;on pense. Mais suffit-il d&#8217;affirmer nos certitudes pour qu&#8217;elles soient vraies et qu&#8217;elles aient de la valeur ? Et si penser ce que l&#8217;on veut dire \u00e9tait plus courageux que d&#8217;exprimer ce qui nous passe par la t\u00eate ? S&#8217;exprimer n\u00e9cessite d&#8217;accepter que l&#8217;autre puisse le faire aussi et puisse nous questionner, montrer les limites de nos certitudes. Ainsi donc, il faut savoir argumenter. Mais qu&#8217;est-ce exactement argumenter ? Qu&#8217;est-ce qui fait la valeur d&#8217;un argument ? Argumenter est-ce une technique ou plut\u00f4t une m\u00e9thode ? Nous avons tendance \u00e0 croire qu&#8217;un exemple est un argument mais ce n&#8217;est pas parce que je connais un unijambiste qui a gagn\u00e9 au loto que perdre une jambe porte chance. Pour renforcer la valeur de notre discours et surtout pour tester les limites de nos certitudes.<\/p>\n\n\n\n<hr class=\"wp-block-separator has-text-color has-background has-vivid-red-background-color has-vivid-red-color is-style-wide\"\/>\n\n\n\n<h2 class=\"has-white-color has-black-background-color has-text-color has-background wp-block-heading\">Le d\u00e9sir est-il la marque de la mis\u00e8re de l&#8217;Homme ?<\/h2>\n\n\n\n<p>Souvent nous pensons que c&#8217;est en satisfaisant nos d\u00e9sirs que nous trouverons la paix et le bonheur. Mais on s&#8217;aper\u00e7oit vite qu&#8217;une fois un d\u00e9sir assouvi, un autre na\u00eet. Plus encore, le plus nous satisfaisons des d\u00e9sirs, le plus nous en cherchons de nouveaux au point que, enfant g\u00e2t\u00e9, nous devenons prisonniers de nos propres d\u00e9sirs. D&#8217;ailleurs, le d\u00e9sir ne na\u00eet-il pas en nous malgr\u00e9 nous ? En ceci, confondre d\u00e9sir et volont\u00e9 n&#8217;est-ce pas oublier que seule la volont\u00e9 peut nous garantir des d\u00e9sirs que nous savons mauvais ? Le d\u00e9sir, dans sa nature, n&#8217;est-il pas le symbole de notre humanit\u00e9 incompl\u00e8te, condamn\u00e9e \u00e0 trouver par elle-m\u00eame un \u00e9quilibre toujours menac\u00e9 ? Si d\u00e9sirer c&#8217;est reconna\u00eetre que nous manquons de l&#8217;objet de notre d\u00e9sir, ce manque n&#8217;est-il pas la marque de notre condition mis\u00e9rable ?  <\/p>\n","protected":false},"excerpt":{"rendered":"<p>Pourquoi travaillons nous ? Notre rapport au travail est ambigu. Nous voudrions pouvoir profiter de la vie, errer, prendre notre temps, nous reposer, mais en m\u00eame temps nous faisons du [&hellip;]<\/p>\n","protected":false},"author":1,"featured_media":0,"parent":0,"menu_order":0,"comment_status":"closed","ping_status":"closed","template":"","meta":{"om_disable_all_campaigns":false,"_monsterinsights_skip_tracking":false,"_monsterinsights_sitenote_active":false,"_monsterinsights_sitenote_note":"","_monsterinsights_sitenote_category":0,"footnotes":""},"class_list":["post-565","page","type-page","status-publish","hentry"],"aioseo_notices":[],"jetpack_sharing_enabled":true,"jetpack_likes_enabled":true,"jetpack_shortlink":"https:\/\/wp.me\/PdsdKK-97","_links":{"self":[{"href":"https:\/\/didierleprof.com\/index.php?rest_route=\/wp\/v2\/pages\/565","targetHints":{"allow":["GET"]}}],"collection":[{"href":"https:\/\/didierleprof.com\/index.php?rest_route=\/wp\/v2\/pages"}],"about":[{"href":"https:\/\/didierleprof.com\/index.php?rest_route=\/wp\/v2\/types\/page"}],"author":[{"embeddable":true,"href":"https:\/\/didierleprof.com\/index.php?rest_route=\/wp\/v2\/users\/1"}],"replies":[{"embeddable":true,"href":"https:\/\/didierleprof.com\/index.php?rest_route=%2Fwp%2Fv2%2Fcomments&post=565"}],"version-history":[{"count":7,"href":"https:\/\/didierleprof.com\/index.php?rest_route=\/wp\/v2\/pages\/565\/revisions"}],"predecessor-version":[{"id":733,"href":"https:\/\/didierleprof.com\/index.php?rest_route=\/wp\/v2\/pages\/565\/revisions\/733"}],"wp:attachment":[{"href":"https:\/\/didierleprof.com\/index.php?rest_route=%2Fwp%2Fv2%2Fmedia&parent=565"}],"curies":[{"name":"wp","href":"https:\/\/api.w.org\/{rel}","templated":true}]}}