{"id":344,"date":"2021-11-17T17:33:43","date_gmt":"2021-11-17T16:33:43","guid":{"rendered":"https:\/\/didierleprof.com\/?page_id=344"},"modified":"2021-12-26T10:35:59","modified_gmt":"2021-12-26T09:35:59","slug":"les-cours-collectifs-2","status":"publish","type":"page","link":"https:\/\/didierleprof.com\/?page_id=344","title":{"rendered":"Les cours collectifs"},"content":{"rendered":"\n<p>Les groupes se constituent \u00e0 partir de 10 personnes et ne peuvent exc\u00e9der 20 personnes.<\/p>\n\n\n\n<p>Si vous souhaitez vous initier \u00e0 la philosophie dans un \u00e9change vivant et convivial les cours collectifs sont faits pour vous.<\/p>\n\n\n\n<p>Vous pouvez adapter vos cours \u00e0 votre rythme en choisissant des cycles de 8 heures sur 4 semaines, 16 heures sur 2 mois ou 24 heures sur un trimestre, soit des s\u00e9quences de 2 heures par semaine.<\/p>\n\n\n\n<p>Ces cours peuvent s&#8217;inscrire dans le cadre d&#8217;une activit\u00e9 organis\u00e9e par une association ou un collectif. Dans ce cas, les th\u00e9matiques peuvent \u00eatre adapt\u00e9es en fonction des demandes et peuvent se faire sur toute l&#8217;ann\u00e9e.<\/p>\n\n\n\n<p>Mais vous pouvez aussi choisir une formation plus concentr\u00e9e <\/p>\n\n\n\n<div class=\"wp-block-columns are-vertically-aligned-center is-layout-flex wp-container-core-columns-is-layout-9d6595d7 wp-block-columns-is-layout-flex\">\n<div class=\"wp-block-column is-vertically-aligned-center is-layout-flow wp-block-column-is-layout-flow\">\n<p><strong>Cycle de 8 heures<\/strong><\/p>\n<\/div>\n\n\n\n<div class=\"wp-block-column is-vertically-aligned-center is-layout-flow wp-block-column-is-layout-flow\">\n<p>sur 3 jours<\/p>\n<\/div>\n\n\n\n<div class=\"wp-block-column is-vertically-aligned-center is-layout-flow wp-block-column-is-layout-flow\">\n<p>1 s\u00e9quence de 2 heures <\/p>\n\n\n\n<p>2 s\u00e9quences de 3 heures<\/p>\n<\/div>\n<\/div>\n\n\n\n<div class=\"wp-block-columns are-vertically-aligned-center is-layout-flex wp-container-core-columns-is-layout-9d6595d7 wp-block-columns-is-layout-flex\">\n<div class=\"wp-block-column is-vertically-aligned-center is-layout-flow wp-block-column-is-layout-flow\">\n<p><strong>Cycle de 16 heures<\/strong><\/p>\n<\/div>\n\n\n\n<div class=\"wp-block-column is-vertically-aligned-center is-layout-flow wp-block-column-is-layout-flow\">\n<p>sur 4 jours<\/p>\n<\/div>\n\n\n\n<div class=\"wp-block-column is-vertically-aligned-center is-layout-flow wp-block-column-is-layout-flow\">\n<p>2 s\u00e9quences de 3 heures<\/p>\n\n\n\n<p>2 s\u00e9quences de 5 heures (2h le matin et 3h l&#8217;apr\u00e8s-midi)<\/p>\n<\/div>\n<\/div>\n\n\n\n<div class=\"wp-block-columns are-vertically-aligned-center is-layout-flex wp-container-core-columns-is-layout-9d6595d7 wp-block-columns-is-layout-flex\">\n<div class=\"wp-block-column is-vertically-aligned-center is-layout-flow wp-block-column-is-layout-flow\">\n<p><strong>Cycle de 24 heures<\/strong><\/p>\n<\/div>\n\n\n\n<div class=\"wp-block-column is-vertically-aligned-center is-layout-flow wp-block-column-is-layout-flow\">\n<p>sur 5 jours<\/p>\n<\/div>\n\n\n\n<div class=\"wp-block-column is-vertically-aligned-center is-layout-flow wp-block-column-is-layout-flow\">\n<p>1 s\u00e9quence de 4 heures (2h le matin et 2h l&#8217;apr\u00e8s-midi)<\/p>\n\n\n\n<p>4 s\u00e9quences de 5 heures (2h le matin et 3h l&#8217;apr\u00e8s-midi)<\/p>\n<\/div>\n<\/div>\n\n\n\n<p>Chaque cours est accompagn\u00e9 d\u2019un corpus de textes et d&#8217;outils p\u00e9dagogiques qui seront le support de la r\u00e9flexion et vous aurez, \u00e0 l\u2019issue du cycle, un r\u00e9sum\u00e9 complet des analyses.<\/p>\n\n\n\n<p>Pour d\u00e9couvrir les th\u00e9matiques propos\u00e9es et les diff\u00e9rents cycles cliquez en dessous<\/p>\n\n\n\n<div class=\"wp-block-columns is-layout-flex wp-container-core-columns-is-layout-9d6595d7 wp-block-columns-is-layout-flex\">\n<div class=\"wp-block-column is-layout-flow wp-block-column-is-layout-flow\">\n<div class=\"wp-block-buttons is-layout-flex wp-block-buttons-is-layout-flex\">\n<div class=\"wp-block-button\"><a class=\"wp-block-button__link has-vivid-red-background-color has-background\" href=\"https:\/\/didierleprof.com\/?page_id=561\" target=\"_blank\" rel=\"noreferrer noopener\">Cycles de 8H<\/a><\/div>\n<\/div>\n<\/div>\n\n\n\n<div class=\"wp-block-column is-layout-flow wp-block-column-is-layout-flow\">\n<div class=\"wp-block-buttons is-layout-flex wp-block-buttons-is-layout-flex\">\n<div class=\"wp-block-button\"><a class=\"wp-block-button__link has-vivid-red-background-color has-background\" href=\"https:\/\/didierleprof.com\/?page_id=565\" target=\"_blank\" rel=\"noreferrer noopener\">Cycles de 16H<\/a><\/div>\n<\/div>\n<\/div>\n\n\n\n<div class=\"wp-block-column is-layout-flow wp-block-column-is-layout-flow\">\n<div class=\"wp-block-buttons is-layout-flex wp-block-buttons-is-layout-flex\">\n<div class=\"wp-block-button\"><a class=\"wp-block-button__link has-vivid-red-background-color has-background\" href=\"https:\/\/didierleprof.com\/?page_id=567\" target=\"_blank\" rel=\"noreferrer noopener\">Cycle de 24H<\/a><\/div>\n<\/div>\n<\/div>\n<\/div>\n\n\n\n<p><\/p>\n","protected":false},"excerpt":{"rendered":"<p>Les groupes se constituent \u00e0 partir de 10 personnes et ne peuvent exc\u00e9der 20 personnes. Si vous souhaitez vous initier \u00e0 la philosophie dans un \u00e9change vivant et convivial les [&hellip;]<\/p>\n","protected":false},"author":1,"featured_media":0,"parent":0,"menu_order":0,"comment_status":"closed","ping_status":"closed","template":"","meta":{"om_disable_all_campaigns":false,"_monsterinsights_skip_tracking":false,"_monsterinsights_sitenote_active":false,"_monsterinsights_sitenote_note":"","_monsterinsights_sitenote_category":0,"footnotes":""},"class_list":["post-344","page","type-page","status-publish","hentry"],"aioseo_notices":[],"jetpack_sharing_enabled":true,"jetpack_likes_enabled":true,"jetpack_shortlink":"https:\/\/wp.me\/PdsdKK-5y","_links":{"self":[{"href":"https:\/\/didierleprof.com\/index.php?rest_route=\/wp\/v2\/pages\/344","targetHints":{"allow":["GET"]}}],"collection":[{"href":"https:\/\/didierleprof.com\/index.php?rest_route=\/wp\/v2\/pages"}],"about":[{"href":"https:\/\/didierleprof.com\/index.php?rest_route=\/wp\/v2\/types\/page"}],"author":[{"embeddable":true,"href":"https:\/\/didierleprof.com\/index.php?rest_route=\/wp\/v2\/users\/1"}],"replies":[{"embeddable":true,"href":"https:\/\/didierleprof.com\/index.php?rest_route=%2Fwp%2Fv2%2Fcomments&post=344"}],"version-history":[{"count":10,"href":"https:\/\/didierleprof.com\/index.php?rest_route=\/wp\/v2\/pages\/344\/revisions"}],"predecessor-version":[{"id":731,"href":"https:\/\/didierleprof.com\/index.php?rest_route=\/wp\/v2\/pages\/344\/revisions\/731"}],"wp:attachment":[{"href":"https:\/\/didierleprof.com\/index.php?rest_route=%2Fwp%2Fv2%2Fmedia&parent=344"}],"curies":[{"name":"wp","href":"https:\/\/api.w.org\/{rel}","templated":true}]}}