{"id":325,"date":"2021-11-17T17:11:00","date_gmt":"2021-11-17T16:11:00","guid":{"rendered":"https:\/\/didierleprof.com\/?page_id=325"},"modified":"2021-12-26T10:31:45","modified_gmt":"2021-12-26T09:31:45","slug":"les-cours-collectifs-en-visio-2","status":"publish","type":"page","link":"https:\/\/didierleprof.com\/?page_id=325","title":{"rendered":"Les cours collectifs en visio"},"content":{"rendered":"\n<p>Les groupes se constituent \u00e0 partir de 5 personnes et ne peuvent exc\u00e9der 10 personnes.<\/p>\n\n\n\n<p>Si vous souhaitez vous initier \u00e0 la philosophie dans un \u00e9change vivant et convivial les cours collectifs sont faits pour vous.<\/p>\n\n\n\n<p>Vous pouvez adapter vos cours \u00e0 votre rythme en choisissant des cycles de 8 heures sur 4 semaines, 16 heures sur 2 mois ou 24 heures sur un trimestre, soit des s\u00e9quences de 2 heures par semaine.<\/p>\n\n\n\n<p>Ces cours peuvent s\u2019inscrire dans le cadre d\u2019une activit\u00e9 organis\u00e9e par une association ou un collectif. Dans ce cas, les th\u00e9matiques peuvent \u00eatre adapt\u00e9es en fonction des demandes.<\/p>\n\n\n\n<p>Chaque cours est accompagn\u00e9 d\u2019un corpus de textes et d\u2019outils p\u00e9dagogiques qui seront le support de la r\u00e9flexion et vous aurez, \u00e0 l\u2019issue du cycle, un r\u00e9sum\u00e9 complet des analyses.<\/p>\n\n\n\n<p>Pour d\u00e9couvrir les th\u00e9matiques propos\u00e9es et les diff\u00e9rents cycles cliquez en dessous<\/p>\n\n\n\n<div class=\"wp-block-columns is-layout-flex wp-container-core-columns-is-layout-9d6595d7 wp-block-columns-is-layout-flex\">\n<div class=\"wp-block-column is-layout-flow wp-block-column-is-layout-flow\">\n<div class=\"wp-block-buttons is-layout-flex wp-block-buttons-is-layout-flex\">\n<div class=\"wp-block-button\"><a class=\"wp-block-button__link has-vivid-red-background-color has-background\" href=\"https:\/\/didierleprof.com\/?page_id=316\">Cycles de 8H<\/a><\/div>\n<\/div>\n<\/div>\n\n\n\n<div class=\"wp-block-column is-layout-flow wp-block-column-is-layout-flow\">\n<div class=\"wp-block-buttons is-layout-flex wp-block-buttons-is-layout-flex\">\n<div class=\"wp-block-button\"><a class=\"wp-block-button__link has-vivid-red-background-color has-background\" href=\"https:\/\/didierleprof.com\/?page_id=318\">Cycles de 16H<\/a><\/div>\n<\/div>\n<\/div>\n\n\n\n<div class=\"wp-block-column is-layout-flow wp-block-column-is-layout-flow\">\n<div class=\"wp-block-buttons is-layout-flex wp-block-buttons-is-layout-flex\">\n<div class=\"wp-block-button\"><a class=\"wp-block-button__link has-vivid-red-background-color has-background\" href=\"https:\/\/didierleprof.com\/?page_id=320\">Cycles de 24H<\/a><\/div>\n<\/div>\n<\/div>\n<\/div>\n","protected":false},"excerpt":{"rendered":"<p>Les groupes se constituent \u00e0 partir de 5 personnes et ne peuvent exc\u00e9der 10 personnes. Si vous souhaitez vous initier \u00e0 la philosophie dans un \u00e9change vivant et convivial les [&hellip;]<\/p>\n","protected":false},"author":1,"featured_media":0,"parent":0,"menu_order":0,"comment_status":"closed","ping_status":"closed","template":"","meta":{"om_disable_all_campaigns":false,"_monsterinsights_skip_tracking":false,"_monsterinsights_sitenote_active":false,"_monsterinsights_sitenote_note":"","_monsterinsights_sitenote_category":0,"footnotes":""},"class_list":["post-325","page","type-page","status-publish","hentry"],"aioseo_notices":[],"jetpack_sharing_enabled":true,"jetpack_likes_enabled":true,"jetpack_shortlink":"https:\/\/wp.me\/PdsdKK-5f","_links":{"self":[{"href":"https:\/\/didierleprof.com\/index.php?rest_route=\/wp\/v2\/pages\/325","targetHints":{"allow":["GET"]}}],"collection":[{"href":"https:\/\/didierleprof.com\/index.php?rest_route=\/wp\/v2\/pages"}],"about":[{"href":"https:\/\/didierleprof.com\/index.php?rest_route=\/wp\/v2\/types\/page"}],"author":[{"embeddable":true,"href":"https:\/\/didierleprof.com\/index.php?rest_route=\/wp\/v2\/users\/1"}],"replies":[{"embeddable":true,"href":"https:\/\/didierleprof.com\/index.php?rest_route=%2Fwp%2Fv2%2Fcomments&post=325"}],"version-history":[{"count":5,"href":"https:\/\/didierleprof.com\/index.php?rest_route=\/wp\/v2\/pages\/325\/revisions"}],"predecessor-version":[{"id":724,"href":"https:\/\/didierleprof.com\/index.php?rest_route=\/wp\/v2\/pages\/325\/revisions\/724"}],"wp:attachment":[{"href":"https:\/\/didierleprof.com\/index.php?rest_route=%2Fwp%2Fv2%2Fmedia&parent=325"}],"curies":[{"name":"wp","href":"https:\/\/api.w.org\/{rel}","templated":true}]}}