{"id":238,"date":"2021-11-05T16:18:29","date_gmt":"2021-11-05T15:18:29","guid":{"rendered":"https:\/\/didierleprof.com\/?page_id=238"},"modified":"2021-12-26T10:38:07","modified_gmt":"2021-12-26T09:38:07","slug":"les-cours-individuels","status":"publish","type":"page","link":"https:\/\/didierleprof.com\/?page_id=238","title":{"rendered":"Les cours individuels"},"content":{"rendered":"\n<p id=\"block-add029a0-5511-414e-9f2f-e690d3312c20\">Vous voulez approfondir vos connaissances ? Vous voulez approfondir une question particuli\u00e8re ? Vous voulez pr\u00e9parer un concours, un examen ? Vous voulez renforcer votre m\u00e9thode d&#8217;analyse ? Vous vous comprendre un probl\u00e8me d&#8217;actualit\u00e9 ?<\/p>\n\n\n\n<p id=\"block-326877c4-a3e6-4db2-8f0d-981e0ec9548b\"><strong>Les cours individuels sont faits pour vous.<\/strong><\/p>\n\n\n\n<p id=\"block-a30872ac-804f-45fe-a1ba-1340ccdaecb4\">Les entretiens en t\u00eate \u00e0 t\u00eate sont individualis\u00e9s en fonction des attentes et des besoins. Ils sont fond\u00e9s sur le principe du dialogue et de la recherche commune d&#8217;arguments critiques. Les apports conceptuels et les textes d&#8217;auteurs sont pr\u00e9vus en fonction du th\u00e8me trait\u00e9 et d&#8217;une d\u00e9cision commune.<\/p>\n\n\n\n<p id=\"block-8f6a444a-fdf4-4869-97ec-4ee583d88fd7\">Une heure d&#8217;\u00e9change pr\u00e9alable (hors cycle payant) servira \u00e0 cerner pr\u00e9cis\u00e9ment la question \u00e0 traiter et les conditions dans lesquelles elle sera abord\u00e9e.<\/p>\n\n\n\n<p id=\"block-7fbe6cd9-f91e-4e82-a94a-93be8c138afd\">A la fin du cycle, vous b\u00e9n\u00e9ficiez des outils p\u00e9dagogiques utilis\u00e9s et d&#8217;un r\u00e9capitulatif des analyses.<\/p>\n\n\n\n<p id=\"block-bc93b177-887e-4085-ae86-ccd40a1984e4\">Par s\u00e9quence de 2 heures, vous pouvez choisir le nombre de s\u00e9quences qui vous conviendra le mieux.<\/p>\n\n\n\n<p>Les cours peuvent se faire \u00e0 votre domicile.<\/p>\n\n\n\n<h2 class=\"has-white-color has-black-background-color has-text-color has-background wp-block-heading\" id=\"block-21bd450c-8fd6-47ca-9fb7-fae128da0e59\"><strong>Les tarifs<\/strong><\/h2>\n\n\n\n<div class=\"wp-block-columns is-layout-flex wp-container-core-columns-is-layout-9d6595d7 wp-block-columns-is-layout-flex\">\n<div class=\"wp-block-column is-layout-flow wp-block-column-is-layout-flow\">\n<p id=\"block-4d36c1d4-0a8c-4f19-bc3f-ca22fba01316\">S\u00e9quences de 2 heures<\/p>\n\n\n\n<p id=\"block-9abc0dc7-b621-4420-996b-112c9808cfc8\">Carte de 2 s\u00e9quences<\/p>\n\n\n\n<p id=\"block-2cde9353-9ea3-442c-9002-aaf77e537b8b\">Carte de 4 s\u00e9quences<\/p>\n\n\n\n<p id=\"block-7bb10ca2-20b7-49a1-b87d-a0dc564b1fd4\">Carte de 5 s\u00e9quences<\/p>\n\n\n\n<p id=\"block-e100d65d-c981-47f4-a4db-e6ac514685e1\">Carte de 8 s\u00e9quences<\/p>\n\n\n\n<p id=\"block-3314eefd-3758-4df3-a3a6-69fb332e3bb8\">Au-del\u00e0<\/p>\n<\/div>\n\n\n\n<div class=\"wp-block-column is-layout-flow wp-block-column-is-layout-flow\">\n<p id=\"block-c1efb58b-9208-4576-a477-2830d15956e8\">50 \u20ac<\/p>\n\n\n\n<p id=\"block-e033bac9-5f55-4f5c-84ce-6fd1f23c020f\">95 \u20ac<\/p>\n\n\n\n<p id=\"block-e2193178-16a3-4bec-bae0-9117ade1c1c5\">185 \u20ac<\/p>\n\n\n\n<p id=\"block-1f9d0269-4b24-4849-b1d7-43696bbdd990\">225 \u20ac<\/p>\n\n\n\n<p id=\"block-ed770794-1447-472b-ac5a-b81cee177b15\">350 \u20ac<\/p>\n\n\n\n<p>Nous contacter<\/p>\n<\/div>\n<\/div>\n\n\n\n<h2 class=\"has-white-color has-black-background-color has-text-color has-background wp-block-heading\" id=\"block-eb263aa1-8320-4b03-8f8f-b2fa11592eba\">Pour vous inscrire, nous contacter<\/h2>\n\n\n<div class=\"wpforms-container wpforms-container-full wpforms-block\" id=\"wpforms-370\"><form id=\"wpforms-form-370\" class=\"wpforms-validate wpforms-form wpforms-ajax-form\" data-formid=\"370\" method=\"post\" enctype=\"multipart\/form-data\" action=\"\/index.php?rest_route=%2Fwp%2Fv2%2Fpages%2F238\" data-token=\"5f4a27cbde0948d70cb724399320ef8c\" data-token-time=\"1777382833\"><noscript class=\"wpforms-error-noscript\">Please enable JavaScript in your browser to complete this form.<\/noscript><div class=\"wpforms-field-container\"><div id=\"wpforms-370-field_0-container\" class=\"wpforms-field wpforms-field-name\" data-field-id=\"0\"><label class=\"wpforms-field-label\">Identit\u00e9 <span class=\"wpforms-required-label\">*<\/span><\/label><div class=\"wpforms-field-row wpforms-field-medium\"><div class=\"wpforms-field-row-block wpforms-first wpforms-one-half\"><input type=\"text\" id=\"wpforms-370-field_0\" class=\"wpforms-field-name-first wpforms-field-required\" name=\"wpforms[fields][0][first]\" required><label for=\"wpforms-370-field_0\" class=\"wpforms-field-sublabel after\">First<\/label><\/div><div class=\"wpforms-field-row-block wpforms-one-half\"><input type=\"text\" id=\"wpforms-370-field_0-last\" class=\"wpforms-field-name-last wpforms-field-required\" name=\"wpforms[fields][0][last]\" required><label for=\"wpforms-370-field_0-last\" class=\"wpforms-field-sublabel after\">Last<\/label><\/div><\/div><\/div><div id=\"wpforms-370-field_1-container\" class=\"wpforms-field wpforms-field-email\" data-field-id=\"1\"><label class=\"wpforms-field-label\" for=\"wpforms-370-field_1\">Email <span class=\"wpforms-required-label\">*<\/span><\/label><input type=\"email\" id=\"wpforms-370-field_1\" class=\"wpforms-field-medium wpforms-field-required\" name=\"wpforms[fields][1]\" spellcheck=\"false\" required><\/div><div id=\"wpforms-370-field_2-container\" class=\"wpforms-field wpforms-field-textarea\" data-field-id=\"2\"><label class=\"wpforms-field-label\" for=\"wpforms-370-field_2\">Votre message \u00e0 propos des cours individuels <span class=\"wpforms-required-label\">*<\/span><\/label><textarea id=\"wpforms-370-field_2\" class=\"wpforms-field-medium wpforms-field-required\" name=\"wpforms[fields][2]\" required><\/textarea><\/div><\/div><!-- .wpforms-field-container --><div class=\"wpforms-submit-container\" ><input type=\"hidden\" name=\"wpforms[id]\" value=\"370\"><input type=\"hidden\" name=\"page_title\" value=\"\"><input type=\"hidden\" name=\"page_url\" value=\"https:\/\/didierleprof.com\/index.php?rest_route=\/wp\/v2\/pages\/238\"><input type=\"hidden\" name=\"url_referer\" value=\"\"><button type=\"submit\" name=\"wpforms[submit]\" id=\"wpforms-submit-370\" class=\"wpforms-submit\" data-alt-text=\"Envoi...\" data-submit-text=\"Envoyer\" aria-live=\"assertive\" value=\"wpforms-submit\">Envoyer<\/button><img loading=\"lazy\" decoding=\"async\" src=\"https:\/\/didierleprof.com\/wp-content\/plugins\/wpforms-lite\/assets\/images\/submit-spin.svg\" class=\"wpforms-submit-spinner\" style=\"display: none;\" width=\"26\" height=\"26\" alt=\"Loading\"><\/div><\/form><\/div>  <!-- .wpforms-container -->","protected":false},"excerpt":{"rendered":"<p>Vous voulez approfondir vos connaissances ? Vous voulez approfondir une question particuli\u00e8re ? Vous voulez pr\u00e9parer un concours, un examen ? Vous voulez renforcer votre m\u00e9thode d&#8217;analyse ? Vous vous [&hellip;]<\/p>\n","protected":false},"author":1,"featured_media":0,"parent":0,"menu_order":0,"comment_status":"closed","ping_status":"closed","template":"","meta":{"om_disable_all_campaigns":false,"_monsterinsights_skip_tracking":false,"_monsterinsights_sitenote_active":false,"_monsterinsights_sitenote_note":"","_monsterinsights_sitenote_category":0,"footnotes":""},"class_list":["post-238","page","type-page","status-publish","hentry"],"aioseo_notices":[],"jetpack_sharing_enabled":true,"jetpack_likes_enabled":true,"jetpack_shortlink":"https:\/\/wp.me\/PdsdKK-3Q","_links":{"self":[{"href":"https:\/\/didierleprof.com\/index.php?rest_route=\/wp\/v2\/pages\/238","targetHints":{"allow":["GET"]}}],"collection":[{"href":"https:\/\/didierleprof.com\/index.php?rest_route=\/wp\/v2\/pages"}],"about":[{"href":"https:\/\/didierleprof.com\/index.php?rest_route=\/wp\/v2\/types\/page"}],"author":[{"embeddable":true,"href":"https:\/\/didierleprof.com\/index.php?rest_route=\/wp\/v2\/users\/1"}],"replies":[{"embeddable":true,"href":"https:\/\/didierleprof.com\/index.php?rest_route=%2Fwp%2Fv2%2Fcomments&post=238"}],"version-history":[{"count":9,"href":"https:\/\/didierleprof.com\/index.php?rest_route=\/wp\/v2\/pages\/238\/revisions"}],"predecessor-version":[{"id":735,"href":"https:\/\/didierleprof.com\/index.php?rest_route=\/wp\/v2\/pages\/238\/revisions\/735"}],"wp:attachment":[{"href":"https:\/\/didierleprof.com\/index.php?rest_route=%2Fwp%2Fv2%2Fmedia&parent=238"}],"curies":[{"name":"wp","href":"https:\/\/api.w.org\/{rel}","templated":true}]}}