{"id":233,"date":"2021-11-05T16:15:06","date_gmt":"2021-11-05T15:15:06","guid":{"rendered":"https:\/\/didierleprof.com\/?page_id=233"},"modified":"2021-12-26T10:32:23","modified_gmt":"2021-12-26T09:32:23","slug":"les-cours-individuels-en-visio","status":"publish","type":"page","link":"https:\/\/didierleprof.com\/?page_id=233","title":{"rendered":"Les cours individuels en visio"},"content":{"rendered":"\n<p>Vous voulez renforcer vos connaissances ? Vous voulez approfondir une question particuli\u00e8re ? Vous voulez pr\u00e9parer un concours, un examen ? Vous voulez am\u00e9liorer votre m\u00e9thode d&#8217;analyse ? Vous voulez savoir comment aborder un probl\u00e8me d&#8217;actualit\u00e9 ou personnel ? <\/p>\n\n\n\n<p><strong>Les cours individuels sont faits pour vous.<\/strong><\/p>\n\n\n\n<p>Les entretiens en t\u00eate \u00e0 t\u00eate en visioconf\u00e9rence sont individualis\u00e9s en fonction des attentes et des besoins. Ils sont fond\u00e9s sur le principe du dialogue et de la recherche commune d&#8217;arguments critiques. Les apports conceptuels et les textes d&#8217;auteurs sont pr\u00e9vus en fonction du th\u00e8me trait\u00e9 et d&#8217;une d\u00e9cision commune.<\/p>\n\n\n\n<p>Une heure d&#8217;\u00e9change pr\u00e9alable en visio (hors cycle payant) servira \u00e0 cerner pr\u00e9cis\u00e9ment la question \u00e0 traiter et les conditions dans lesquelles elle sera abord\u00e9e.<\/p>\n\n\n\n<p>A la fin du cycle, vous b\u00e9n\u00e9ficiez des outils p\u00e9dagogiques utilis\u00e9s et d&#8217;un r\u00e9capitulatifs des analyses.<\/p>\n\n\n\n<p>Par s\u00e9quence de 2 heures, vous pouvez choisir le nombre de s\u00e9quences qui vous conviendra le mieux.<\/p>\n\n\n\n<h2 class=\"has-white-color has-black-background-color has-text-color has-background wp-block-heading\"><strong>Les tarifs :<\/strong><\/h2>\n\n\n\n<div class=\"wp-block-columns is-layout-flex wp-container-core-columns-is-layout-9d6595d7 wp-block-columns-is-layout-flex\">\n<div class=\"wp-block-column is-layout-flow wp-block-column-is-layout-flow\" style=\"flex-basis:66.66%\">\n<p>S\u00e9quences de 2 heures<\/p>\n\n\n\n<p>Carte de 2 s\u00e9quences<\/p>\n\n\n\n<p>Carte de 4 s\u00e9quences<\/p>\n\n\n\n<p>Carte de 5 s\u00e9quences<\/p>\n\n\n\n<p>Carte de 8 s\u00e9quences<\/p>\n\n\n\n<p>Au-del\u00e0<\/p>\n<\/div>\n\n\n\n<div class=\"wp-block-column is-layout-flow wp-block-column-is-layout-flow\" style=\"flex-basis:33.33%\">\n<p>45 \u20ac<\/p>\n\n\n\n<p>85 \u20ac<\/p>\n\n\n\n<p>165 \u20ac<\/p>\n\n\n\n<p>200 \u20ac<\/p>\n\n\n\n<p>310 \u20ac<\/p>\n\n\n\n<p>Nous contacter<\/p>\n<\/div>\n<\/div>\n\n\n\n<h2 class=\"has-white-color has-black-background-color has-text-color has-background wp-block-heading\">Pour vous inscrire, nous contacter <\/h2>\n\n\n<div class=\"wpforms-container wpforms-container-full wpforms-block\" id=\"wpforms-370\"><form id=\"wpforms-form-370\" class=\"wpforms-validate wpforms-form wpforms-ajax-form\" data-formid=\"370\" method=\"post\" enctype=\"multipart\/form-data\" action=\"\/index.php?rest_route=%2Fwp%2Fv2%2Fpages%2F233\" data-token=\"5f4a27cbde0948d70cb724399320ef8c\" data-token-time=\"1777382406\"><noscript class=\"wpforms-error-noscript\">Please enable JavaScript in your browser to complete this form.<\/noscript><div class=\"wpforms-field-container\"><div id=\"wpforms-370-field_0-container\" class=\"wpforms-field wpforms-field-name\" data-field-id=\"0\"><label class=\"wpforms-field-label\">Identit\u00e9 <span class=\"wpforms-required-label\">*<\/span><\/label><div class=\"wpforms-field-row wpforms-field-medium\"><div class=\"wpforms-field-row-block wpforms-first wpforms-one-half\"><input type=\"text\" id=\"wpforms-370-field_0\" class=\"wpforms-field-name-first wpforms-field-required\" name=\"wpforms[fields][0][first]\" required><label for=\"wpforms-370-field_0\" class=\"wpforms-field-sublabel after\">First<\/label><\/div><div class=\"wpforms-field-row-block wpforms-one-half\"><input type=\"text\" id=\"wpforms-370-field_0-last\" class=\"wpforms-field-name-last wpforms-field-required\" name=\"wpforms[fields][0][last]\" required><label for=\"wpforms-370-field_0-last\" class=\"wpforms-field-sublabel after\">Last<\/label><\/div><\/div><\/div><div id=\"wpforms-370-field_1-container\" class=\"wpforms-field wpforms-field-email\" data-field-id=\"1\"><label class=\"wpforms-field-label\" for=\"wpforms-370-field_1\">Email <span class=\"wpforms-required-label\">*<\/span><\/label><input type=\"email\" id=\"wpforms-370-field_1\" class=\"wpforms-field-medium wpforms-field-required\" name=\"wpforms[fields][1]\" spellcheck=\"false\" required><\/div><div id=\"wpforms-370-field_2-container\" class=\"wpforms-field wpforms-field-textarea\" data-field-id=\"2\"><label class=\"wpforms-field-label\" for=\"wpforms-370-field_2\">Votre message \u00e0 propos des cours individuels <span class=\"wpforms-required-label\">*<\/span><\/label><textarea id=\"wpforms-370-field_2\" class=\"wpforms-field-medium wpforms-field-required\" name=\"wpforms[fields][2]\" required><\/textarea><\/div><\/div><!-- .wpforms-field-container --><div class=\"wpforms-submit-container\" ><input type=\"hidden\" name=\"wpforms[id]\" value=\"370\"><input type=\"hidden\" name=\"page_title\" value=\"\"><input type=\"hidden\" name=\"page_url\" value=\"https:\/\/didierleprof.com\/index.php?rest_route=\/wp\/v2\/pages\/233\"><input type=\"hidden\" name=\"url_referer\" value=\"\"><button type=\"submit\" name=\"wpforms[submit]\" id=\"wpforms-submit-370\" class=\"wpforms-submit\" data-alt-text=\"Envoi...\" data-submit-text=\"Envoyer\" aria-live=\"assertive\" value=\"wpforms-submit\">Envoyer<\/button><img loading=\"lazy\" decoding=\"async\" src=\"https:\/\/didierleprof.com\/wp-content\/plugins\/wpforms-lite\/assets\/images\/submit-spin.svg\" class=\"wpforms-submit-spinner\" style=\"display: none;\" width=\"26\" height=\"26\" alt=\"Loading\"><\/div><\/form><\/div>  <!-- .wpforms-container -->","protected":false},"excerpt":{"rendered":"<p>Vous voulez renforcer vos connaissances ? Vous voulez approfondir une question particuli\u00e8re ? Vous voulez pr\u00e9parer un concours, un examen ? Vous voulez am\u00e9liorer votre m\u00e9thode d&#8217;analyse ? Vous voulez [&hellip;]<\/p>\n","protected":false},"author":1,"featured_media":0,"parent":0,"menu_order":0,"comment_status":"closed","ping_status":"closed","template":"","meta":{"om_disable_all_campaigns":false,"_monsterinsights_skip_tracking":false,"_monsterinsights_sitenote_active":false,"_monsterinsights_sitenote_note":"","_monsterinsights_sitenote_category":0,"footnotes":""},"class_list":["post-233","page","type-page","status-publish","hentry"],"aioseo_notices":[],"jetpack_sharing_enabled":true,"jetpack_likes_enabled":true,"jetpack_shortlink":"https:\/\/wp.me\/PdsdKK-3L","_links":{"self":[{"href":"https:\/\/didierleprof.com\/index.php?rest_route=\/wp\/v2\/pages\/233","targetHints":{"allow":["GET"]}}],"collection":[{"href":"https:\/\/didierleprof.com\/index.php?rest_route=\/wp\/v2\/pages"}],"about":[{"href":"https:\/\/didierleprof.com\/index.php?rest_route=\/wp\/v2\/types\/page"}],"author":[{"embeddable":true,"href":"https:\/\/didierleprof.com\/index.php?rest_route=\/wp\/v2\/users\/1"}],"replies":[{"embeddable":true,"href":"https:\/\/didierleprof.com\/index.php?rest_route=%2Fwp%2Fv2%2Fcomments&post=233"}],"version-history":[{"count":12,"href":"https:\/\/didierleprof.com\/index.php?rest_route=\/wp\/v2\/pages\/233\/revisions"}],"predecessor-version":[{"id":725,"href":"https:\/\/didierleprof.com\/index.php?rest_route=\/wp\/v2\/pages\/233\/revisions\/725"}],"wp:attachment":[{"href":"https:\/\/didierleprof.com\/index.php?rest_route=%2Fwp%2Fv2%2Fmedia&parent=233"}],"curies":[{"name":"wp","href":"https:\/\/api.w.org\/{rel}","templated":true}]}}