{"id":228,"date":"2021-11-05T16:10:19","date_gmt":"2021-11-05T15:10:19","guid":{"rendered":"https:\/\/didierleprof.com\/?page_id=228"},"modified":"2021-12-22T14:32:43","modified_gmt":"2021-12-22T13:32:43","slug":"inscription-aux-cours-en-visio","status":"publish","type":"page","link":"https:\/\/didierleprof.com\/?page_id=228","title":{"rendered":"Inscription aux cours collectifs en pr\u00e9sentiel"},"content":{"rendered":"\n<div class=\"wp-block-group\"><div class=\"wp-block-group__inner-container is-layout-flow wp-block-group-is-layout-flow\">\n<p>Merci d&#8217;indiquer vos pr\u00e9f\u00e9rences quant \u00e0 votre participation aux cours. <\/p>\n\n\n\n<p>Nous vous contacterons pour vous pr\u00e9ciser quel jour et heure ont \u00e9t\u00e9 retenus pour votre choix et quand commenceront les cours.<\/p>\n\n\n\n<p><br>Les tarifs comprennent le cycle entier du cours, les documents d&#8217;appui, un r\u00e9sum\u00e9 du cours en fin de cycle et un suivi :<\/p>\n\n\n\n<p><br>Cycle de 8 heures   \u2192 50\u20ac<br>Cycle de 16 heures \u2192 90\u20ac<br>Cycle de 24 heures \u2192 130\u20ac<br><\/p>\n\n\n\n<p>Votre paiement ne se fera qu&#8217;au moment de l&#8217;annonce du d\u00e9but du cours.<br>A tr\u00e8s bient\u00f4t.<\/p>\n<\/div><\/div>\n\n\n<div class=\"wpforms-container wpforms-container-full wpforms-block\" id=\"wpforms-572\"><form id=\"wpforms-form-572\" class=\"wpforms-validate wpforms-form wpforms-ajax-form\" data-formid=\"572\" method=\"post\" enctype=\"multipart\/form-data\" action=\"\/index.php?rest_route=%2Fwp%2Fv2%2Fpages%2F228\" data-token=\"fbe120e224491c36e12aaac038a82b50\" data-token-time=\"1777382496\"><noscript class=\"wpforms-error-noscript\">Please enable JavaScript in your browser to complete this form.<\/noscript><div class=\"wpforms-field-container\"><div id=\"wpforms-572-field_1-container\" class=\"wpforms-field wpforms-field-name\" data-field-id=\"1\"><label class=\"wpforms-field-label\">Identit\u00e9 <span class=\"wpforms-required-label\">*<\/span><\/label><div class=\"wpforms-field-row wpforms-field-medium\"><div class=\"wpforms-field-row-block wpforms-first wpforms-one-half\"><input type=\"text\" id=\"wpforms-572-field_1\" class=\"wpforms-field-name-first wpforms-field-required\" name=\"wpforms[fields][1][first]\" required><label for=\"wpforms-572-field_1\" class=\"wpforms-field-sublabel after\">First<\/label><\/div><div class=\"wpforms-field-row-block wpforms-one-half\"><input type=\"text\" id=\"wpforms-572-field_1-last\" class=\"wpforms-field-name-last wpforms-field-required\" name=\"wpforms[fields][1][last]\" required><label for=\"wpforms-572-field_1-last\" class=\"wpforms-field-sublabel after\">Last<\/label><\/div><\/div><\/div><div id=\"wpforms-572-field_2-container\" class=\"wpforms-field wpforms-field-email\" data-field-id=\"2\"><label class=\"wpforms-field-label\" for=\"wpforms-572-field_2\">Email <span class=\"wpforms-required-label\">*<\/span><\/label><input type=\"email\" id=\"wpforms-572-field_2\" class=\"wpforms-field-medium wpforms-field-required\" name=\"wpforms[fields][2]\" spellcheck=\"false\" required><\/div><div id=\"wpforms-572-field_8-container\" class=\"wpforms-field wpforms-field-text\" data-field-id=\"8\"><label class=\"wpforms-field-label\" for=\"wpforms-572-field_8\">T\u00e9l\u00e9phone<\/label><input type=\"text\" id=\"wpforms-572-field_8\" class=\"wpforms-field-medium\" name=\"wpforms[fields][8]\" ><div class=\"wpforms-field-description\">Facultatif\r\n<\/div><\/div><div id=\"wpforms-572-field_20-container\" class=\"wpforms-field wpforms-field-checkbox wpforms-list-2-columns\" data-field-id=\"20\"><label class=\"wpforms-field-label\">Secteur g\u00e9ographique pr\u00e9f\u00e9r\u00e9 <span class=\"wpforms-required-label\">*<\/span><\/label><ul id=\"wpforms-572-field_20\" class=\"wpforms-field-required\"><li class=\"choice-1 depth-1\"><input type=\"checkbox\" id=\"wpforms-572-field_20_1\" name=\"wpforms[fields][20][]\" value=\"Valr\u00e9as\" required ><label class=\"wpforms-field-label-inline\" for=\"wpforms-572-field_20_1\">Valr\u00e9as<\/label><\/li><li class=\"choice-2 depth-1\"><input type=\"checkbox\" id=\"wpforms-572-field_20_2\" name=\"wpforms[fields][20][]\" value=\"Saint-Paul-Trois-Ch\u00e2teaux\" required ><label class=\"wpforms-field-label-inline\" for=\"wpforms-572-field_20_2\">Saint-Paul-Trois-Ch\u00e2teaux<\/label><\/li><li class=\"choice-3 depth-1\"><input type=\"checkbox\" id=\"wpforms-572-field_20_3\" name=\"wpforms[fields][20][]\" value=\"Nyons\" required ><label class=\"wpforms-field-label-inline\" for=\"wpforms-572-field_20_3\">Nyons<\/label><\/li><li class=\"choice-4 depth-1\"><input type=\"checkbox\" id=\"wpforms-572-field_20_4\" name=\"wpforms[fields][20][]\" value=\"Orange\" required ><label class=\"wpforms-field-label-inline\" for=\"wpforms-572-field_20_4\">Orange<\/label><\/li><li class=\"choice-5 depth-1\"><input type=\"checkbox\" id=\"wpforms-572-field_20_5\" name=\"wpforms[fields][20][]\" value=\"Mont\u00e9limar\" required ><label class=\"wpforms-field-label-inline\" for=\"wpforms-572-field_20_5\">Mont\u00e9limar<\/label><\/li><\/ul><div class=\"wpforms-field-description\">Plusieurs cours seront ouverts dans des villes diff\u00e9rentes. Vous pouvez donc choisir votre lieu pr\u00e9f\u00e9r\u00e9. Plusieurs choix sont possibles. Si vous \u00eates au moins 10 et que vous souhaitez organiser un cours collectif dans votre ville, contactez-nous.<\/div><\/div><div id=\"wpforms-572-field_15-container\" class=\"wpforms-field wpforms-field-checkbox wpforms-list-2-columns\" data-field-id=\"15\"><label class=\"wpforms-field-label\">Cycles 8 heures (s\u00e9quences de 2h sur 4 semaines)<\/label><ul id=\"wpforms-572-field_15\"><li class=\"choice-1 depth-1\"><input type=\"checkbox\" id=\"wpforms-572-field_15_1\" name=\"wpforms[fields][15][]\" value=\"Qu&#039;est-ce que la philosophie ?\"  ><label class=\"wpforms-field-label-inline\" for=\"wpforms-572-field_15_1\">Qu&#8217;est-ce que la philosophie ?<\/label><\/li><li class=\"choice-2 depth-1\"><input type=\"checkbox\" id=\"wpforms-572-field_15_2\" name=\"wpforms[fields][15][]\" value=\"Peut-on douter de tout ?\"  ><label class=\"wpforms-field-label-inline\" for=\"wpforms-572-field_15_2\">Peut-on douter de tout ?<\/label><\/li><li class=\"choice-3 depth-1\"><input type=\"checkbox\" id=\"wpforms-572-field_15_3\" name=\"wpforms[fields][15][]\" value=\"Peut-on tout pardonner ?\"  ><label class=\"wpforms-field-label-inline\" for=\"wpforms-572-field_15_3\">Peut-on tout pardonner ?<\/label><\/li><li class=\"choice-4 depth-1\"><input type=\"checkbox\" id=\"wpforms-572-field_15_4\" name=\"wpforms[fields][15][]\" value=\"L&#039;All\u00e9gorie de la caverne : entre mythe et r\u00e9alit\u00e9\"  ><label class=\"wpforms-field-label-inline\" for=\"wpforms-572-field_15_4\">L&#8217;All\u00e9gorie de la caverne : entre mythe et r\u00e9alit\u00e9<\/label><\/li><li class=\"choice-5 depth-1\"><input type=\"checkbox\" id=\"wpforms-572-field_15_5\" name=\"wpforms[fields][15][]\" value=\"Peut-on tout dire ?\"  ><label class=\"wpforms-field-label-inline\" for=\"wpforms-572-field_15_5\">Peut-on tout dire ?<\/label><\/li><li class=\"choice-6 depth-1\"><input type=\"checkbox\" id=\"wpforms-572-field_15_6\" name=\"wpforms[fields][15][]\" value=\"Faut-il perdre ses illusions ?\"  ><label class=\"wpforms-field-label-inline\" for=\"wpforms-572-field_15_6\">Faut-il perdre ses illusions ?<\/label><\/li><li class=\"choice-7 depth-1\"><input type=\"checkbox\" id=\"wpforms-572-field_15_7\" name=\"wpforms[fields][15][]\" value=\"Peut-on se soumettre volontairement ?\"  ><label class=\"wpforms-field-label-inline\" for=\"wpforms-572-field_15_7\">Peut-on se soumettre volontairement ?<\/label><\/li><li class=\"choice-8 depth-1\"><input type=\"checkbox\" id=\"wpforms-572-field_15_8\" name=\"wpforms[fields][15][]\" value=\"Le r\u00e9el s&#039;oppose-t-il \u00e0 l&#039;imaginaire ?\"  ><label class=\"wpforms-field-label-inline\" for=\"wpforms-572-field_15_8\">Le r\u00e9el s&#8217;oppose-t-il \u00e0 l&#8217;imaginaire ?<\/label><\/li><li class=\"choice-9 depth-1\"><input type=\"checkbox\" id=\"wpforms-572-field_15_9\" name=\"wpforms[fields][15][]\" value=\"Peut-on \u00e9chapper au temps ?\"  ><label class=\"wpforms-field-label-inline\" for=\"wpforms-572-field_15_9\">Peut-on \u00e9chapper au temps ?<\/label><\/li><\/ul><div class=\"wpforms-field-description\">Plusieurs choix possibles<\/div><\/div><div id=\"wpforms-572-field_17-container\" class=\"wpforms-field wpforms-field-checkbox\" data-field-id=\"17\"><label class=\"wpforms-field-label\">Cycles de 16 heures (s\u00e9quences de 2h sur 8 semaines)<\/label><ul id=\"wpforms-572-field_17\"><li class=\"choice-1 depth-1\"><input type=\"checkbox\" id=\"wpforms-572-field_17_1\" name=\"wpforms[fields][17][]\" value=\"Pourquoi travaillons-nous ?\"  ><label class=\"wpforms-field-label-inline\" for=\"wpforms-572-field_17_1\">Pourquoi travaillons-nous ?<\/label><\/li><li class=\"choice-2 depth-1\"><input type=\"checkbox\" id=\"wpforms-572-field_17_2\" name=\"wpforms[fields][17][]\" value=\"L&#039;\u00eatre humain est-il naturellement contre nature ?\"  ><label class=\"wpforms-field-label-inline\" for=\"wpforms-572-field_17_2\">L&#8217;\u00eatre humain est-il naturellement contre nature ?<\/label><\/li><li class=\"choice-3 depth-1\"><input type=\"checkbox\" id=\"wpforms-572-field_17_3\" name=\"wpforms[fields][17][]\" value=\"Qu&#039;est-ce qu&#039;argumenter ? (m\u00e9thodologie)\"  ><label class=\"wpforms-field-label-inline\" for=\"wpforms-572-field_17_3\">Qu&#8217;est-ce qu&#8217;argumenter ? (m\u00e9thodologie)<\/label><\/li><li class=\"choice-4 depth-1\"><input type=\"checkbox\" id=\"wpforms-572-field_17_4\" name=\"wpforms[fields][17][]\" value=\"Le d\u00e9sir est-il la marque de la mis\u00e8re de l&#039;Homme ?\"  ><label class=\"wpforms-field-label-inline\" for=\"wpforms-572-field_17_4\">Le d\u00e9sir est-il la marque de la mis\u00e8re de l&#8217;Homme ?<\/label><\/li><\/ul><div class=\"wpforms-field-description\">Plusieurs choix possibles<\/div><\/div><div id=\"wpforms-572-field_18-container\" class=\"wpforms-field wpforms-field-checkbox\" data-field-id=\"18\"><label class=\"wpforms-field-label\">Cycles de 24 heures (s\u00e9quences de 2h sur 12 semaines)<\/label><ul id=\"wpforms-572-field_18\"><li class=\"choice-1 depth-1\"><input type=\"checkbox\" id=\"wpforms-572-field_18_1\" name=\"wpforms[fields][18][]\" value=\"Chacun peut-il penser ce qu&#039;il veut ?\"  ><label class=\"wpforms-field-label-inline\" for=\"wpforms-572-field_18_1\">Chacun peut-il penser ce qu&#8217;il veut ?<\/label><\/li><li class=\"choice-2 depth-1\"><input type=\"checkbox\" id=\"wpforms-572-field_18_2\" name=\"wpforms[fields][18][]\" value=\"Conscience de soi et connaissance de soi \"  ><label class=\"wpforms-field-label-inline\" for=\"wpforms-572-field_18_2\">Conscience de soi et connaissance de soi<\/label><\/li><li class=\"choice-4 depth-1\"><input type=\"checkbox\" id=\"wpforms-572-field_18_4\" name=\"wpforms[fields][18][]\" value=\"Epicure m\u00e9decin de l&#039;\u00e2me ? (Lettre \u00e0 M\u00e9n\u00e9c\u00e9e)\"  ><label class=\"wpforms-field-label-inline\" for=\"wpforms-572-field_18_4\">Epicure m\u00e9decin de l&#8217;\u00e2me ? (Lettre \u00e0 M\u00e9n\u00e9c\u00e9e)<\/label><\/li><li class=\"choice-5 depth-1\"><input type=\"checkbox\" id=\"wpforms-572-field_18_5\" name=\"wpforms[fields][18][]\" value=\"Rousseau \u00e9cologiste et communiste ? (Second Disours)\"  ><label class=\"wpforms-field-label-inline\" for=\"wpforms-572-field_18_5\">Rousseau \u00e9cologiste et communiste ? (Second Disours)<\/label><\/li><\/ul><div class=\"wpforms-field-description\">Plusieurs choix possibles<\/div><\/div><div id=\"wpforms-572-field_21-container\" class=\"wpforms-field wpforms-field-checkbox\" data-field-id=\"21\"><label class=\"wpforms-field-label\">Cycles concentr\u00e9s<\/label><ul id=\"wpforms-572-field_21\"><li class=\"choice-1 depth-1\"><input type=\"checkbox\" id=\"wpforms-572-field_21_1\" name=\"wpforms[fields][21][]\" value=\"Cycle de 8 heures sur 3 jours : 1 s\u00e9quence de 2 heures et 2 s\u00e9quences de 3 heures\"  ><label class=\"wpforms-field-label-inline\" for=\"wpforms-572-field_21_1\">Cycle de 8 heures sur 3 jours : 1 s\u00e9quence de 2 heures et 2 s\u00e9quences de 3 heures<\/label><\/li><li class=\"choice-2 depth-1\"><input type=\"checkbox\" id=\"wpforms-572-field_21_2\" name=\"wpforms[fields][21][]\" value=\"Cycle de 16 heures sur 4 jours : 2 s\u00e9quences de 3 heures et 2 s\u00e9quences de 5 heures ( 2h le matin et 3h l&#039;apr\u00e8s-midi) \"  ><label class=\"wpforms-field-label-inline\" for=\"wpforms-572-field_21_2\">Cycle de 16 heures sur 4 jours : 2 s\u00e9quences de 3 heures et 2 s\u00e9quences de 5 heures ( 2h le matin et 3h l&#8217;apr\u00e8s-midi)<\/label><\/li><li class=\"choice-3 depth-1\"><input type=\"checkbox\" id=\"wpforms-572-field_21_3\" name=\"wpforms[fields][21][]\" value=\"Cycle de 24 heures sur 5 jours : 2 s\u00e9quences de 2 heures et 4 s\u00e9quences de 5 heures ( 2h le matin et 3h l&#039;apr\u00e8s-midi)\"  ><label class=\"wpforms-field-label-inline\" for=\"wpforms-572-field_21_3\">Cycle de 24 heures sur 5 jours : 2 s\u00e9quences de 2 heures et 4 s\u00e9quences de 5 heures ( 2h le matin et 3h l&#8217;apr\u00e8s-midi)<\/label><\/li><\/ul><div class=\"wpforms-field-description\">Les cours concentr\u00e9s se feront sur des s\u00e9quences plus longues. Si vous \u00eates au moins 10 et que vous souhaitez organiser un cours collectif concentr\u00e9 dans votre ville, contactez-nous.<\/div><\/div><div id=\"wpforms-572-field_6-container\" class=\"wpforms-field wpforms-field-textarea\" data-field-id=\"6\"><label class=\"wpforms-field-label\" for=\"wpforms-572-field_6\">Questions et commentaires<\/label><textarea id=\"wpforms-572-field_6\" class=\"wpforms-field-medium\" name=\"wpforms[fields][6]\" ><\/textarea><\/div><\/div><!-- .wpforms-field-container --><div class=\"wpforms-submit-container\" ><input type=\"hidden\" name=\"wpforms[id]\" value=\"572\"><input type=\"hidden\" name=\"page_title\" value=\"\"><input type=\"hidden\" name=\"page_url\" value=\"https:\/\/didierleprof.com\/index.php?rest_route=\/wp\/v2\/pages\/228\"><input type=\"hidden\" name=\"url_referer\" value=\"\"><button type=\"submit\" name=\"wpforms[submit]\" id=\"wpforms-submit-572\" class=\"wpforms-submit\" data-alt-text=\"Envoi...\" data-submit-text=\"Envoyer\" aria-live=\"assertive\" value=\"wpforms-submit\">Envoyer<\/button><img loading=\"lazy\" decoding=\"async\" src=\"https:\/\/didierleprof.com\/wp-content\/plugins\/wpforms-lite\/assets\/images\/submit-spin.svg\" class=\"wpforms-submit-spinner\" style=\"display: none;\" width=\"26\" height=\"26\" alt=\"Loading\"><\/div><\/form><\/div>  <!-- .wpforms-container -->","protected":false},"excerpt":{"rendered":"<p>Merci d&#8217;indiquer vos pr\u00e9f\u00e9rences quant \u00e0 votre participation aux cours. Nous vous contacterons pour vous pr\u00e9ciser quel jour et heure ont \u00e9t\u00e9 retenus pour votre choix et quand commenceront les [&hellip;]<\/p>\n","protected":false},"author":1,"featured_media":0,"parent":0,"menu_order":0,"comment_status":"closed","ping_status":"closed","template":"","meta":{"om_disable_all_campaigns":false,"_monsterinsights_skip_tracking":false,"_monsterinsights_sitenote_active":false,"_monsterinsights_sitenote_note":"","_monsterinsights_sitenote_category":0,"footnotes":""},"class_list":["post-228","page","type-page","status-publish","hentry"],"aioseo_notices":[],"jetpack_sharing_enabled":true,"jetpack_likes_enabled":true,"jetpack_shortlink":"https:\/\/wp.me\/PdsdKK-3G","_links":{"self":[{"href":"https:\/\/didierleprof.com\/index.php?rest_route=\/wp\/v2\/pages\/228","targetHints":{"allow":["GET"]}}],"collection":[{"href":"https:\/\/didierleprof.com\/index.php?rest_route=\/wp\/v2\/pages"}],"about":[{"href":"https:\/\/didierleprof.com\/index.php?rest_route=\/wp\/v2\/types\/page"}],"author":[{"embeddable":true,"href":"https:\/\/didierleprof.com\/index.php?rest_route=\/wp\/v2\/users\/1"}],"replies":[{"embeddable":true,"href":"https:\/\/didierleprof.com\/index.php?rest_route=%2Fwp%2Fv2%2Fcomments&post=228"}],"version-history":[{"count":4,"href":"https:\/\/didierleprof.com\/index.php?rest_route=\/wp\/v2\/pages\/228\/revisions"}],"predecessor-version":[{"id":642,"href":"https:\/\/didierleprof.com\/index.php?rest_route=\/wp\/v2\/pages\/228\/revisions\/642"}],"wp:attachment":[{"href":"https:\/\/didierleprof.com\/index.php?rest_route=%2Fwp%2Fv2%2Fmedia&parent=228"}],"curies":[{"name":"wp","href":"https:\/\/api.w.org\/{rel}","templated":true}]}}