{"id":101,"date":"2021-10-17T10:33:14","date_gmt":"2021-10-17T08:33:14","guid":{"rendered":"https:\/\/didierleprof.com\/?page_id=101"},"modified":"2021-12-26T10:39:07","modified_gmt":"2021-12-26T09:39:07","slug":"les-stages","status":"publish","type":"page","link":"https:\/\/didierleprof.com\/?page_id=101","title":{"rendered":"Les ateliers \u03c6"},"content":{"rendered":"\n<p>Les ateliers philo s&#8217;adressent aux entreprises soucieuses de la formation de leurs employ\u00e9s, aux associations qui souhaiteraient former leurs membres ou \u00e0 des collectifs qui envisageraient d&#8217;initier un groupe \u00e0 la philosophie.<\/p>\n\n\n\n<p>A mi-chemin entre le cours et le caf\u00e9 philo, l&#8217;atelier permet \u00e0 30 personnes maximum de r\u00e9fl\u00e9chir sur une question pr\u00e9cise d\u00e9cid\u00e9e avec les organisateurs.<\/p>\n\n\n\n<p>Les formations peuvent \u00eatre de :<\/p>\n\n\n\n<p>          \u27a1 3 heures soit une demi-journ\u00e9e<\/p>\n\n\n\n<p>          \u27a1 7 heures soit une journ\u00e9e<\/p>\n\n\n\n<p>          \u27a1 14 heures soit 2 jours<\/p>\n\n\n\n<p>Pour organiser un atelier, il suffit de nous contacter.<\/p>\n\n\n\n<h2 class=\"has-white-color has-black-background-color has-text-color has-background wp-block-heading\">Pour nous contacter<\/h2>\n\n\n<div class=\"wpforms-container wpforms-container-full wpforms-block\" id=\"wpforms-645\"><form id=\"wpforms-form-645\" class=\"wpforms-validate wpforms-form wpforms-ajax-form\" data-formid=\"645\" method=\"post\" enctype=\"multipart\/form-data\" action=\"\/index.php?rest_route=%2Fwp%2Fv2%2Fpages%2F101\" data-token=\"e3c4312a543da31134062f1e68b90052\" data-token-time=\"1777382421\"><noscript class=\"wpforms-error-noscript\">Please enable JavaScript in your browser to complete this form.<\/noscript><div class=\"wpforms-field-container\"><div id=\"wpforms-645-field_0-container\" class=\"wpforms-field wpforms-field-name\" data-field-id=\"0\"><label class=\"wpforms-field-label\">Identit\u00e9<\/label><div class=\"wpforms-field-row wpforms-field-medium\"><div class=\"wpforms-field-row-block wpforms-first wpforms-one-half\"><input type=\"text\" id=\"wpforms-645-field_0\" class=\"wpforms-field-name-first\" name=\"wpforms[fields][0][first]\" ><label for=\"wpforms-645-field_0\" class=\"wpforms-field-sublabel after\">First<\/label><\/div><div class=\"wpforms-field-row-block wpforms-one-half\"><input type=\"text\" id=\"wpforms-645-field_0-last\" class=\"wpforms-field-name-last\" name=\"wpforms[fields][0][last]\" ><label for=\"wpforms-645-field_0-last\" class=\"wpforms-field-sublabel after\">Last<\/label><\/div><\/div><\/div><div id=\"wpforms-645-field_1-container\" class=\"wpforms-field wpforms-field-email\" data-field-id=\"1\"><label class=\"wpforms-field-label\" for=\"wpforms-645-field_1\">Email <span class=\"wpforms-required-label\">*<\/span><\/label><input type=\"email\" id=\"wpforms-645-field_1\" class=\"wpforms-field-medium wpforms-field-required\" name=\"wpforms[fields][1]\" spellcheck=\"false\" required><\/div><div id=\"wpforms-645-field_2-container\" class=\"wpforms-field wpforms-field-textarea\" data-field-id=\"2\"><label class=\"wpforms-field-label\" for=\"wpforms-645-field_2\">Vos questions et remarques <span class=\"wpforms-required-label\">*<\/span><\/label><textarea id=\"wpforms-645-field_2\" class=\"wpforms-field-medium wpforms-field-required\" name=\"wpforms[fields][2]\" required><\/textarea><\/div><\/div><!-- .wpforms-field-container --><div class=\"wpforms-submit-container\" ><input type=\"hidden\" name=\"wpforms[id]\" value=\"645\"><input type=\"hidden\" name=\"page_title\" value=\"\"><input type=\"hidden\" name=\"page_url\" value=\"https:\/\/didierleprof.com\/index.php?rest_route=\/wp\/v2\/pages\/101\"><input type=\"hidden\" name=\"url_referer\" value=\"\"><button type=\"submit\" name=\"wpforms[submit]\" id=\"wpforms-submit-645\" class=\"wpforms-submit\" data-alt-text=\"En cours d&#039;envoi...\" data-submit-text=\"Envoi\" aria-live=\"assertive\" value=\"wpforms-submit\">Envoi<\/button><img loading=\"lazy\" decoding=\"async\" src=\"https:\/\/didierleprof.com\/wp-content\/plugins\/wpforms-lite\/assets\/images\/submit-spin.svg\" class=\"wpforms-submit-spinner\" style=\"display: none;\" width=\"26\" height=\"26\" alt=\"Loading\"><\/div><\/form><\/div>  <!-- .wpforms-container -->","protected":false},"excerpt":{"rendered":"<p>Les ateliers philo s&#8217;adressent aux entreprises soucieuses de la formation de leurs employ\u00e9s, aux associations qui souhaiteraient former leurs membres ou \u00e0 des collectifs qui envisageraient d&#8217;initier un groupe \u00e0 [&hellip;]<\/p>\n","protected":false},"author":1,"featured_media":0,"parent":0,"menu_order":0,"comment_status":"closed","ping_status":"closed","template":"","meta":{"om_disable_all_campaigns":false,"_monsterinsights_skip_tracking":false,"_monsterinsights_sitenote_active":false,"_monsterinsights_sitenote_note":"","_monsterinsights_sitenote_category":0,"footnotes":""},"class_list":["post-101","page","type-page","status-publish","hentry"],"aioseo_notices":[],"jetpack_sharing_enabled":true,"jetpack_likes_enabled":true,"jetpack_shortlink":"https:\/\/wp.me\/PdsdKK-1D","_links":{"self":[{"href":"https:\/\/didierleprof.com\/index.php?rest_route=\/wp\/v2\/pages\/101","targetHints":{"allow":["GET"]}}],"collection":[{"href":"https:\/\/didierleprof.com\/index.php?rest_route=\/wp\/v2\/pages"}],"about":[{"href":"https:\/\/didierleprof.com\/index.php?rest_route=\/wp\/v2\/types\/page"}],"author":[{"embeddable":true,"href":"https:\/\/didierleprof.com\/index.php?rest_route=\/wp\/v2\/users\/1"}],"replies":[{"embeddable":true,"href":"https:\/\/didierleprof.com\/index.php?rest_route=%2Fwp%2Fv2%2Fcomments&post=101"}],"version-history":[{"count":7,"href":"https:\/\/didierleprof.com\/index.php?rest_route=\/wp\/v2\/pages\/101\/revisions"}],"predecessor-version":[{"id":737,"href":"https:\/\/didierleprof.com\/index.php?rest_route=\/wp\/v2\/pages\/101\/revisions\/737"}],"wp:attachment":[{"href":"https:\/\/didierleprof.com\/index.php?rest_route=%2Fwp%2Fv2%2Fmedia&parent=101"}],"curies":[{"name":"wp","href":"https:\/\/api.w.org\/{rel}","templated":true}]}}